{"id":3,"date":"2023-04-02T13:18:45","date_gmt":"2023-04-02T13:18:45","guid":{"rendered":"https:\/\/www.ecolibrium-consulting.eu\/?page_id=3"},"modified":"2023-04-16T18:01:13","modified_gmt":"2023-04-16T18:01:13","slug":"cookie-policy","status":"publish","type":"page","link":"https:\/\/www.ecolibrium-consulting.eu\/sl\/cookie-policy\/","title":{"rendered":"Cookie Policy"},"content":{"rendered":"<h3>Pravilnik o pi\u0161kotkih<\/h3>\n<strong>Ta spletna stran uporablja sistemski pi\u0161kotek, ki je potreben za za\u0161\u010dito spletne strani:<\/strong>\n\n\n\n\n<h5>Ime<\/h5>\n<p>PH_HPXY_CHECK<br><\/p>\n\n\n<h5>Namen&nbsp;<\/h5>\n<p>Pi\u0161kotek uporablja varnostni sistem za prepre\u010devanje brute foce napadov in ne omogo\u010da identifikacije posameznega uporabnika.<br><\/p>\n\n\n<h5>Trajanje<\/h5>\n<p>Do zaprtja seje<\/p>\n\n\n<h5>Izvor<\/h5>\n<p>https:\/\/www.ecolibrium-consulting.eu<br><\/p>","protected":false},"excerpt":{"rendered":"","protected":false},"author":1,"featured_media":0,"parent":0,"menu_order":0,"comment_status":"closed","ping_status":"closed","template":"","meta":{"pagelayer_contact_templates":[],"_pagelayer_content":"","footnotes":""},"class_list":["post-3","page","type-page","status-publish","hentry"],"_links":{"self":[{"href":"https:\/\/www.ecolibrium-consulting.eu\/sl\/wp-json\/wp\/v2\/pages\/3","targetHints":{"allow":["GET"]}}],"collection":[{"href":"https:\/\/www.ecolibrium-consulting.eu\/sl\/wp-json\/wp\/v2\/pages"}],"about":[{"href":"https:\/\/www.ecolibrium-consulting.eu\/sl\/wp-json\/wp\/v2\/types\/page"}],"author":[{"embeddable":true,"href":"https:\/\/www.ecolibrium-consulting.eu\/sl\/wp-json\/wp\/v2\/users\/1"}],"replies":[{"embeddable":true,"href":"https:\/\/www.ecolibrium-consulting.eu\/sl\/wp-json\/wp\/v2\/comments?post=3"}],"version-history":[{"count":24,"href":"https:\/\/www.ecolibrium-consulting.eu\/sl\/wp-json\/wp\/v2\/pages\/3\/revisions"}],"predecessor-version":[{"id":654,"href":"https:\/\/www.ecolibrium-consulting.eu\/sl\/wp-json\/wp\/v2\/pages\/3\/revisions\/654"}],"wp:attachment":[{"href":"https:\/\/www.ecolibrium-consulting.eu\/sl\/wp-json\/wp\/v2\/media?parent=3"}],"curies":[{"name":"wp","href":"https:\/\/api.w.org\/{rel}","templated":true}]}}