{"id":34,"date":"2023-04-02T13:19:22","date_gmt":"2023-04-02T13:19:22","guid":{"rendered":"https:\/\/www.ecolibrium-consulting.eu\/home\/"},"modified":"2023-04-16T11:32:05","modified_gmt":"2023-04-16T11:32:05","slug":"home","status":"publish","type":"page","link":"https:\/\/www.ecolibrium-consulting.eu\/sl\/","title":{"rendered":"Domov"},"content":{"rendered":"<h3>O USTANOVITELJICI<\/h3>\n\n\n\n\n<p>Valeria Cheshko Radosavljevic, MSc<\/p>\n<p>Certificirani strokovnjak za kro\u017eno gospodarstvo in strokovnjak za poslovni razvoj z ve\u010d kot 15-letnimi izku\u0161njami v razli\u010dnih panogah in disciplinah.<\/p>\n\n\n\n\n\n\n<h3>NA\u0160E STORITVE<\/h3>\n\n<p>Uporabljamo razli\u010dne okvire, orodja in \u0161tudije primerov, da bi podjetjem in podjetnikom pomagali pri ponovnem premisleku in preoblikovanju njihovih poslovnih modelov v skladu z na\u010deli trajnostnosti, kro\u017enosti in regeneracije.&nbsp;<\/p>\n\n\n\n\n\n\n\n\n\n\n\n\n\n\n\n\n\n\n<h3>NA\u0160A SODELOVANJA<\/h3>\n\n<p>Ecolibrium je svetovalec zveze Circular Economy Alliance, partner mednarodne organizacije Foodvalley NL in \u010dlan GZS ZOR.<\/p>\n\n\n\n\n\n\n\n\n\n\n\n\n\n\n\n<h3>ZAKAJ IZBRATI NAS<\/h3>\n\n\n\n\n\n<p>Odprto misle\u010di, akcijsko usmerjeni in pragmati\u010dni&nbsp;<\/p>\n\n\n<p>15+ let izku\u0161enj s podro\u010dja razvoja poslovanja&nbsp;<\/p>\n\n\n<p>Certificirani strokovnjak za kro\u017eno gospodarstvo&nbsp;<\/p>","protected":false},"excerpt":{"rendered":"","protected":false},"author":1,"featured_media":0,"parent":0,"menu_order":0,"comment_status":"closed","ping_status":"closed","template":"","meta":{"pagelayer_contact_templates":[],"_pagelayer_content":"","footnotes":""},"class_list":["post-34","page","type-page","status-publish","hentry"],"_links":{"self":[{"href":"https:\/\/www.ecolibrium-consulting.eu\/sl\/wp-json\/wp\/v2\/pages\/34","targetHints":{"allow":["GET"]}}],"collection":[{"href":"https:\/\/www.ecolibrium-consulting.eu\/sl\/wp-json\/wp\/v2\/pages"}],"about":[{"href":"https:\/\/www.ecolibrium-consulting.eu\/sl\/wp-json\/wp\/v2\/types\/page"}],"author":[{"embeddable":true,"href":"https:\/\/www.ecolibrium-consulting.eu\/sl\/wp-json\/wp\/v2\/users\/1"}],"replies":[{"embeddable":true,"href":"https:\/\/www.ecolibrium-consulting.eu\/sl\/wp-json\/wp\/v2\/comments?post=34"}],"version-history":[{"count":143,"href":"https:\/\/www.ecolibrium-consulting.eu\/sl\/wp-json\/wp\/v2\/pages\/34\/revisions"}],"predecessor-version":[{"id":626,"href":"https:\/\/www.ecolibrium-consulting.eu\/sl\/wp-json\/wp\/v2\/pages\/34\/revisions\/626"}],"wp:attachment":[{"href":"https:\/\/www.ecolibrium-consulting.eu\/sl\/wp-json\/wp\/v2\/media?parent=34"}],"curies":[{"name":"wp","href":"https:\/\/api.w.org\/{rel}","templated":true}]}}