{"id":35,"date":"2023-04-02T13:19:22","date_gmt":"2023-04-02T13:19:22","guid":{"rendered":"https:\/\/www.ecolibrium-consulting.eu\/about\/"},"modified":"2023-04-16T11:29:02","modified_gmt":"2023-04-16T11:29:02","slug":"about","status":"publish","type":"page","link":"https:\/\/www.ecolibrium-consulting.eu\/sl\/about\/","title":{"rendered":"O nas"},"content":{"rendered":"<h3>O PODJETJU ECOLIBRIUM CONSULTING<\/h3>\n\n\n\n\n<h3>O PODJETJU ECOLIBRIUM CONSULTING<\/h3>\n\n<p>Podjetje Ecolibrium je bilo ustanovljeno leta 2023 in ponuja svetovalne storitve, delavnice in informativne sestanke posve\u010dene konceptom trajnostnosti, kro\u017enosti in regeneracije, njihovemu pomenu, prilo\u017enostim in prakti\u010dni implementaciji navedenih konceptov za podjetja, podjetnike, organizacije in potro\u0161nike.<\/p>\n<p>Uporabljamo razli\u010dne okvire, orodja in \u0161tudije primerov, da bi podjetjem in podjetnikom pomagali pri ponovnem premisleku in preoblikovanju njihovih poslovnih modelov v skladu z na\u010deli trajnostnosti, kro\u017enosti in regeneracije.<\/p>\n\n\n<h3>KONTEKST<\/h3>\n\n\n\n\n\n\n<h3>KONTEKST<\/h3>\n\n<p>V sedanjem sistemu so finan\u010dni dobi\u010dki in uspe\u0161nost v sredi\u0161\u010du odlo\u010danja, ukrepanja in merjenja uspeha. Uvedba konceptov trajnostnosti, kro\u017enosti in regeneracije na vladni ravni pomeni priznanje, da je tak\u0161en pogled \u0161kodljivo ozek in da se mora sistem spremeniti tako, da bo vklju\u010deval vse vidike, pomembne za na\u0161o blaginjo. To pomeni dru\u017ebeno blaginjo in zdravo naravno okolje ter skrb za \u017eivljenje generacij, ki prihajajo.<\/p>\n\n\n\n\n\n\n\n\n<h3>RAZLIKA MED LINEARNIM IN KRO\u017dNIM PRISTOPOM<\/h3>\n\n\n\n\n<h3>RAZLIKA MED LINEARNIM IN KRO\u017dNIM PRISTOPOM<\/h3>\n\n<p>Sedanji linearni pristop k potro\u0161nji in proizvodnji lahko povzamemo kot \"vzemi-izdelaj-porabi-zavrzi\". Temelji na pridobivanju velikih koli\u010din primarnih materialov, ne posve\u010da veliko pozornosti snovni u\u010dinkovitosti in \"zelenosti\" proizvodnih metod, spodbuja nenehno prekomerno potro\u0161njo in za seboj pu\u0161\u010da ogromne koli\u010dine odpadkov.<\/p>\n<p>Cilj predlaganega kro\u017enega pristopa je zmanj\u0161ati pridobivanje primarnih materialov na najmanj\u0161o mo\u017eno mero, uvesti u\u010dinkovito rabo virov pri vseh proizvodnih metodah, ozave\u0161\u010dati o u\u010dinkih potro\u0161nje ter pove\u010dati trajnostnost in \u017eivljenjsko dobo izdelkov, ter odpraviti odpadke z njihovim vra\u010danjem v sistem kot koristnega sekundarnega vira. Vse navedeno ob hkratnem prizadevanju za dru\u017ebeno blaginjo in vklju\u010denost.<\/p>\n<p>Kro\u017eni poslovni modeli, ki omogo\u010dajo doseganje teh ciljev, ne zahtevajo \u017ertvovanja finan\u010dne uspe\u0161nosti, temve\u010d v primerjavi z linearnim na\u010dinom poslovanja trajnostno konkuren\u010dno prednost \u010drpajo iz razli\u010dnih virov ter svojo dolgoro\u010dno uspe\u0161nost in odpornost gradijo na razli\u010dnih stebrih. Pomembno vlogo pri tem imata sodelovanje in sprejemanje digitalnih tehnologij. <\/p>\n\n\n<h3>PREDPISI IN STANDARDI<\/h3>\n\n\n\n\n\n\n<h3>PREDPISI IN STANDARDI<\/h3>\n\n<p>Cilj evropskega zelenega dogovora, sprejetega leta 2019, je dose\u010di pravi\u010dno, trajnostno, uspe\u0161no in podnebno nevtralno gospodarstvo do leta 2050. Novi akcijski na\u010drt za kro\u017eno gospodarstvo, ki je bil predstavljen leta 2021, dolo\u010da na\u010din, kako to dose\u010di, in je eden od temeljnih stebrov zelenega dogovora. <\/p>\n<p>Leta 2022 je bil uveden sve\u017eenj EU o kro\u017enem gospodarstvu, ki vklju\u010duje novo Uredbo o okoljsko primerni zasnovi za trajnostne izdelke, ki bo sprejeta do leta 2024. Cilj uredbe ESPR je dose\u010di, da bodo skoraj vsi izdelki, ki vstopajo na trg EU, trajnostni. Uvaja \u0161tevilna pravila o kro\u017enosti, pri \u010demer imajo prednost postopki in izdelki z ve\u010djim vplivom na okolje. <\/p>\n<p>Hkrati tehni\u010dni odbor za kro\u017eno gospodarstvo pri ISO pripravlja paket standardov za kro\u017eno gospodarstvo ISO\/TC 343, ki bo objavljen do za\u010detka leta 2024.<\/p>\n\n\n\n\n\n\n\n\n<h3>O USTANOVITELJICI<\/h3>\n\n\n\n\n\n<h3>O USTANOVITELJICI<\/h3>\n\nValeria Cheshko Radosavljevic, MSc\n<p>\nCertificirani strokovnjak za kro\u017eno gospodarstvo in strokovnjak za poslovni razvoj z ve\u010d kot 15-letnimi izku\u0161njami v razli\u010dnih panogah in disciplinah.<\/p>\n<p>Pragmati\u010dna, odprta, podjetna in usmerjena v re\u0161itve. U\u017eiva v izzivih in uresni\u010devanju ciljev, odli\u010dna pri na\u010drtovanju ustreznih ekosistemov, prepoznavanju skupnih interesov in vzpostavljanju vzajemno koristnih odnosov z vsemi zainteresiranimi stranmi. <\/p>\n<p>Leta 2015 je ustanovila podjetje, ki na trg uvaja novo prelomno zeleno tehnologijo in stroje za predelavo odpadnega perja v visokokakovostno beljakovinsko krmno sestavino, katera omogo\u010da mo\u010dno kro\u017eno povezavo med \u017eivilsko in krmno industrijo. <\/p>\n<p>Prior to that worked as an Investment Director at P&#038;S East Growth private equity fund and Country Manager for Ukraine at P&#038;S Capital.<\/p>\n<p>Zaklju\u010dila je magisterij s podro\u010dja upravljanja razvoja (Development Management) na London School of Economics, diplomirala pa je na Maastrichtski univerzi s podro\u010dja ekonomije (BSc in Economics \/ University of Maastricht). Zaklju\u010dila je dva programa mikromagisterija Univerze Wageningen, Nizozemska, s podro\u010dja kro\u017enega gospodarstva ter s podro\u010dja bio-osnovanih panog.<\/p>\n\n\n\n\n<h3>NA\u0160A SODELOVANJA<\/h3>\n\n<p>Ecolibrium je svetovalec zveze Circular Economy Alliance, partner mednarodne organizacije Foodvalley NL in \u010dlan GZS ZOR.<\/p>","protected":false},"excerpt":{"rendered":"","protected":false},"author":1,"featured_media":0,"parent":0,"menu_order":0,"comment_status":"closed","ping_status":"closed","template":"","meta":{"pagelayer_contact_templates":[],"_pagelayer_content":"","footnotes":""},"class_list":["post-35","page","type-page","status-publish","hentry"],"_links":{"self":[{"href":"https:\/\/www.ecolibrium-consulting.eu\/sl\/wp-json\/wp\/v2\/pages\/35","targetHints":{"allow":["GET"]}}],"collection":[{"href":"https:\/\/www.ecolibrium-consulting.eu\/sl\/wp-json\/wp\/v2\/pages"}],"about":[{"href":"https:\/\/www.ecolibrium-consulting.eu\/sl\/wp-json\/wp\/v2\/types\/page"}],"author":[{"embeddable":true,"href":"https:\/\/www.ecolibrium-consulting.eu\/sl\/wp-json\/wp\/v2\/users\/1"}],"replies":[{"embeddable":true,"href":"https:\/\/www.ecolibrium-consulting.eu\/sl\/wp-json\/wp\/v2\/comments?post=35"}],"version-history":[{"count":139,"href":"https:\/\/www.ecolibrium-consulting.eu\/sl\/wp-json\/wp\/v2\/pages\/35\/revisions"}],"predecessor-version":[{"id":622,"href":"https:\/\/www.ecolibrium-consulting.eu\/sl\/wp-json\/wp\/v2\/pages\/35\/revisions\/622"}],"wp:attachment":[{"href":"https:\/\/www.ecolibrium-consulting.eu\/sl\/wp-json\/wp\/v2\/media?parent=35"}],"curies":[{"name":"wp","href":"https:\/\/api.w.org\/{rel}","templated":true}]}}