{"id":37,"date":"2023-04-02T13:19:22","date_gmt":"2023-04-02T13:19:22","guid":{"rendered":"https:\/\/www.ecolibrium-consulting.eu\/service\/"},"modified":"2023-04-16T08:03:03","modified_gmt":"2023-04-16T08:03:03","slug":"services","status":"publish","type":"page","link":"https:\/\/www.ecolibrium-consulting.eu\/sl\/services\/","title":{"rendered":"Storitve"},"content":{"rendered":"<h3>NA\u0160E STORITVE<\/h3>\n\n<p>Uporabljamo razli\u010dne okvire, orodja in \u0161tudije primerov, da bi podjetjem in podjetnikom pomagali pri ponovnem premisleku in preoblikovanju njihovih poslovnih modelov v skladu z na\u010deli trajnostnosti, kro\u017enosti in regeneracije.<\/p>\n\n\n\n\n\n\nEstablishing collaborative networks for circularity\nLong term CE strategy development and step-by-step implementation plan<br>\nDesigning circular solutions for business operations\nDeveloping circular business models\nBusiness system mapping\nSupply chain analysis\nIdentifying top impact hotspots in operations and across supply chain\n\n\n\n\n\nExplaining the meaning of sustainability , circularity and regeneration concepts\nDemonstrating relevance, application and opportunities of circularity in business operations\nPractical step-by-step guidance on how to start the journey towards a circular way of doing business and business model\nIndustry-specific examples of best practice and case studies from around the world\n\n\n\n\n\n<h3>ZAKAJ IZBRATI NAS<\/h3>\n\n\n\n\n\n<p>Odprto misle\u010di, akcijsko usmerjeni in pragmati\u010dni&nbsp;<\/p>\n\n\n<p>15+ let izku\u0161enj s podro\u010dja razvoja poslovanja&nbsp;<\/p>\n\n\n<p>Certificirani strokovnjak za kro\u017eno gospodarstvo&nbsp;<\/p>\n\n\n\n\n<p>Obse\u017ena relevantna mre\u017ea v Evropi in izven le-te&nbsp;<\/p>\n\n\n<p>Obse\u017ena zbirka podatkov o najbolj\u0161ih praksah in \u0161tudijah primerov&nbsp;<\/p>\n\n\n<p>Pristop nenehnega izobra\u017eevanja&nbsp;<\/p>","protected":false},"excerpt":{"rendered":"","protected":false},"author":1,"featured_media":0,"parent":0,"menu_order":0,"comment_status":"closed","ping_status":"closed","template":"","meta":{"pagelayer_contact_templates":[],"_pagelayer_content":"","footnotes":""},"class_list":["post-37","page","type-page","status-publish","hentry"],"_links":{"self":[{"href":"https:\/\/www.ecolibrium-consulting.eu\/sl\/wp-json\/wp\/v2\/pages\/37","targetHints":{"allow":["GET"]}}],"collection":[{"href":"https:\/\/www.ecolibrium-consulting.eu\/sl\/wp-json\/wp\/v2\/pages"}],"about":[{"href":"https:\/\/www.ecolibrium-consulting.eu\/sl\/wp-json\/wp\/v2\/types\/page"}],"author":[{"embeddable":true,"href":"https:\/\/www.ecolibrium-consulting.eu\/sl\/wp-json\/wp\/v2\/users\/1"}],"replies":[{"embeddable":true,"href":"https:\/\/www.ecolibrium-consulting.eu\/sl\/wp-json\/wp\/v2\/comments?post=37"}],"version-history":[{"count":66,"href":"https:\/\/www.ecolibrium-consulting.eu\/sl\/wp-json\/wp\/v2\/pages\/37\/revisions"}],"predecessor-version":[{"id":610,"href":"https:\/\/www.ecolibrium-consulting.eu\/sl\/wp-json\/wp\/v2\/pages\/37\/revisions\/610"}],"wp:attachment":[{"href":"https:\/\/www.ecolibrium-consulting.eu\/sl\/wp-json\/wp\/v2\/media?parent=37"}],"curies":[{"name":"wp","href":"https:\/\/api.w.org\/{rel}","templated":true}]}}